{"id":16638,"date":"2025-07-15T17:48:29","date_gmt":"2025-07-15T15:48:29","guid":{"rendered":"https:\/\/www.dblanc.es\/politica-de-privacidad-2\/"},"modified":"2025-07-15T17:59:54","modified_gmt":"2025-07-15T15:59:54","slug":"politica-de-privacidad","status":"publish","type":"page","link":"https:\/\/www.dblanc.es\/en\/politica-de-privacidad\/","title":{"rendered":"Pol\u00edtica de Privacidad"},"content":{"rendered":"<div class=\"fusion-fullwidth fullwidth-box fusion-builder-row-1 fusion-flex-container nonhundred-percent-fullwidth non-hundred-percent-height-scrolling\" style=\"--awb-border-radius-top-left:0px;--awb-border-radius-top-right:0px;--awb-border-radius-bottom-right:0px;--awb-border-radius-bottom-left:0px;--awb-flex-wrap:wrap;\" ><div class=\"fusion-builder-row fusion-row fusion-flex-align-items-flex-start fusion-flex-content-wrap\" style=\"max-width:1726.4px;margin-left: calc(-4% \/ 2 );margin-right: calc(-4% \/ 2 );\"><div class=\"fusion-layout-column fusion_builder_column fusion-builder-column-0 fusion_builder_column_1_1 1_1 fusion-flex-column\" style=\"--awb-bg-size:cover;--awb-width-large:100%;--awb-margin-top-large:0px;--awb-spacing-right-large:1.92%;--awb-margin-bottom-large:0px;--awb-spacing-left-large:1.92%;--awb-width-medium:100%;--awb-spacing-right-medium:1.92%;--awb-spacing-left-medium:1.92%;--awb-width-small:100%;--awb-spacing-right-small:1.92%;--awb-spacing-left-small:1.92%;\"><div class=\"fusion-column-wrapper fusion-flex-justify-content-flex-start fusion-content-layout-column\"><div class=\"fusion-text fusion-text-1\"><h1>Pol\u00edtica de Privacidad<\/h1>\n<p>En DBLANCRADIANT 2015, S.L. (en adelante, &#8220;DBLANC&#8221;), nos comprometemos a garantizar que tu informaci\u00f3n personal se encuentre protegida y no se utilice de forma indebida.<\/p>\n<h2>1. Responsable del tratamiento<\/h2>\n<ul>\n<li><strong>Responsable:<\/strong> DBLANCRADIANT 2015, S.L.<\/li>\n<li><strong>CIF:<\/strong> B66626557<\/li>\n<li><strong>Domicilio social:<\/strong> Joan Coromines, 43, 08395 Sant Pol de Mar (Barcelona), Espa\u00f1a<\/li>\n<li><strong>Email:<\/strong> <a href=\"mailto:olga@dblanc.es\">olga@dblanc.es<\/a><\/li>\n<li><strong>Tel\u00e9fono:<\/strong> +34 605 69 34 15<\/li>\n<\/ul>\n<h2>2. Finalidad del tratamiento de los datos personales<\/h2>\n<p>En DBLANC tratamos la informaci\u00f3n que nos facilitan las personas interesadas con las siguientes finalidades:<\/p>\n<ul>\n<li>Atender las solicitudes de informaci\u00f3n o consultas recibidas a trav\u00e9s de los formularios de contacto o del correo electr\u00f3nico.<\/li>\n<li>Gestionar la relaci\u00f3n comercial y\/o contractual con clientes y proveedores.<\/li>\n<li>Env\u00edo de comunicaciones comerciales, siempre que exista consentimiento expreso.<\/li>\n<\/ul>\n<h2>3. Legitimaci\u00f3n para el tratamiento de los datos<\/h2>\n<p>La base legal para el tratamiento de tus datos es el consentimiento expreso del interesado, as\u00ed como la ejecuci\u00f3n de un contrato o la aplicaci\u00f3n de medidas precontractuales.<\/p>\n<h2>4. Conservaci\u00f3n de los datos<\/h2>\n<p>Los datos personales proporcionados se conservar\u00e1n mientras se mantenga la relaci\u00f3n comercial, mientras exista un inter\u00e9s mutuo o durante el tiempo necesario para cumplir con las obligaciones legales.<\/p>\n<h2>5. Comunicaci\u00f3n de datos a terceros<\/h2>\n<p>Los datos no se ceder\u00e1n a terceros, salvo obligaci\u00f3n legal o en el caso de que sea necesario para la prestaci\u00f3n del servicio solicitado. En todo caso, se adoptar\u00e1n las medidas legales, t\u00e9cnicas y organizativas necesarias para garantizar la seguridad de los datos.<\/p>\n<h2>6. Derechos de los interesados<\/h2>\n<p>Tienes derecho a obtener confirmaci\u00f3n sobre si en DBLANC estamos tratando tus datos personales. En particular, puedes ejercer los siguientes derechos:<\/p>\n<ul>\n<li>Acceder a tus datos personales.<\/li>\n<li>Solicitar la rectificaci\u00f3n de los datos inexactos o incompletos.<\/li>\n<li>Solicitar la supresi\u00f3n de tus datos cuando, entre otros motivos, los datos ya no sean necesarios para los fines que fueron recogidos.<\/li>\n<li>Solicitar la limitaci\u00f3n del tratamiento de tus datos en determinadas circunstancias.<\/li>\n<li>Oponerte al tratamiento de tus datos por motivos relacionados con tu situaci\u00f3n particular.<\/li>\n<li>Solicitar la portabilidad de tus datos a otro responsable, cuando sea t\u00e9cnicamente posible.<\/li>\n<\/ul>\n<p>Podr\u00e1s ejercer estos derechos enviando una solicitud expresa, junto con una copia de tu documento de identidad, al correo electr\u00f3nico <a href=\"mailto:olga@dblanc.es\">olga@dblanc.es<\/a>.<\/p>\n<h2>7. Medidas de seguridad<\/h2>\n<p>DBLANC adopta los niveles de seguridad requeridos por la normativa vigente en materia de protecci\u00f3n de datos, y procura instalar aquellos medios y medidas t\u00e9cnicas adicionales a su alcance para evitar la p\u00e9rdida, mal uso, alteraci\u00f3n, acceso no autorizado y robo de los datos personales facilitados.<\/p>\n<h2>8. Cambios en la pol\u00edtica de privacidad<\/h2>\n<p>DBLANC se reserva el derecho a modificar la presente Pol\u00edtica de Privacidad para adaptarla a novedades legislativas o jurisprudenciales, as\u00ed como a pr\u00e1cticas de la industria. En dichos supuestos, se anunciar\u00e1n en esta p\u00e1gina los cambios introducidos con razonable antelaci\u00f3n a su puesta en pr\u00e1ctica.<\/p>\n<\/div><\/div><\/div><\/div><\/div>\n","protected":false},"excerpt":{"rendered":"","protected":false},"author":1,"featured_media":0,"parent":0,"menu_order":0,"comment_status":"closed","ping_status":"closed","template":"","meta":{"footnotes":""},"class_list":["post-16638","page","type-page","status-publish","hentry"],"yoast_head":"<!-- This site is optimized with the Yoast SEO plugin v27.2 - https:\/\/yoast.com\/product\/yoast-seo-wordpress\/ -->\n<title>Pol\u00edtica de Privacidad &#8226; DBlanc - Bodas en la playa Barcelona<\/title>\n<meta name=\"robots\" content=\"noindex, follow\" \/>\n<meta property=\"og:locale\" content=\"en_US\" \/>\n<meta property=\"og:type\" content=\"article\" \/>\n<meta property=\"og:title\" content=\"Pol\u00edtica de Privacidad &#8226; DBlanc - Bodas en la playa Barcelona\" \/>\n<meta property=\"og:url\" content=\"https:\/\/www.dblanc.es\/en\/politica-de-privacidad\/\" \/>\n<meta property=\"og:site_name\" content=\"DBlanc - Bodas en la playa Barcelona\" \/>\n<meta property=\"article:publisher\" content=\"https:\/\/www.facebook.com\/DBlanc-969291596443347\/?ref=ts&amp;fref=ts\" \/>\n<meta property=\"article:modified_time\" content=\"2025-07-15T15:59:54+00:00\" \/>\n<meta property=\"og:image\" content=\"https:\/\/www.dblanc.es\/wp-content\/uploads\/2016\/01\/Tastet2018Web-216.jpg\" \/>\n\t<meta property=\"og:image:width\" content=\"1440\" \/>\n\t<meta property=\"og:image:height\" content=\"960\" \/>\n\t<meta property=\"og:image:type\" content=\"image\/jpeg\" \/>\n<meta name=\"twitter:card\" content=\"summary_large_image\" \/>\n<meta name=\"twitter:site\" content=\"@dblanc_weddings\" \/>\n<meta name=\"twitter:label1\" content=\"Est. reading time\" \/>\n\t<meta name=\"twitter:data1\" content=\"3 minutes\" \/>\n<script type=\"application\/ld+json\" class=\"yoast-schema-graph\">{\"@context\":\"https:\/\/schema.org\",\"@graph\":[{\"@type\":\"WebPage\",\"@id\":\"https:\/\/www.dblanc.es\/en\/politica-de-privacidad\/\",\"url\":\"https:\/\/www.dblanc.es\/en\/politica-de-privacidad\/\",\"name\":\"Pol\u00edtica de Privacidad &#8226; DBlanc - Bodas en la playa Barcelona\",\"isPartOf\":{\"@id\":\"https:\/\/www.dblanc.es\/en\/#website\"},\"datePublished\":\"2025-07-15T15:48:29+00:00\",\"dateModified\":\"2025-07-15T15:59:54+00:00\",\"breadcrumb\":{\"@id\":\"https:\/\/www.dblanc.es\/en\/politica-de-privacidad\/#breadcrumb\"},\"inLanguage\":\"en-US\",\"potentialAction\":[{\"@type\":\"ReadAction\",\"target\":[\"https:\/\/www.dblanc.es\/en\/politica-de-privacidad\/\"]}]},{\"@type\":\"BreadcrumbList\",\"@id\":\"https:\/\/www.dblanc.es\/en\/politica-de-privacidad\/#breadcrumb\",\"itemListElement\":[{\"@type\":\"ListItem\",\"position\":1,\"name\":\"Portada\",\"item\":\"https:\/\/www.dblanc.es\/en\/home\/\"},{\"@type\":\"ListItem\",\"position\":2,\"name\":\"Pol\u00edtica de Privacidad\"}]},{\"@type\":\"WebSite\",\"@id\":\"https:\/\/www.dblanc.es\/en\/#website\",\"url\":\"https:\/\/www.dblanc.es\/en\/\",\"name\":\"DBlanc - Bodas en la playa Barcelona\",\"description\":\"Bodas en la playa. Slow Weddings frente al mar.\",\"potentialAction\":[{\"@type\":\"SearchAction\",\"target\":{\"@type\":\"EntryPoint\",\"urlTemplate\":\"https:\/\/www.dblanc.es\/en\/?s={search_term_string}\"},\"query-input\":{\"@type\":\"PropertyValueSpecification\",\"valueRequired\":true,\"valueName\":\"search_term_string\"}}],\"inLanguage\":\"en-US\"}]}<\/script>\n<!-- \/ Yoast SEO plugin. -->","yoast_head_json":{"title":"Pol\u00edtica de Privacidad &#8226; DBlanc - Bodas en la playa Barcelona","robots":{"index":"noindex","follow":"follow"},"og_locale":"en_US","og_type":"article","og_title":"Pol\u00edtica de Privacidad &#8226; DBlanc - Bodas en la playa Barcelona","og_url":"https:\/\/www.dblanc.es\/en\/politica-de-privacidad\/","og_site_name":"DBlanc - Bodas en la playa Barcelona","article_publisher":"https:\/\/www.facebook.com\/DBlanc-969291596443347\/?ref=ts&fref=ts","article_modified_time":"2025-07-15T15:59:54+00:00","og_image":[{"width":1440,"height":960,"url":"https:\/\/www.dblanc.es\/wp-content\/uploads\/2016\/01\/Tastet2018Web-216.jpg","type":"image\/jpeg"}],"twitter_card":"summary_large_image","twitter_site":"@dblanc_weddings","twitter_misc":{"Est. reading time":"3 minutes"},"schema":{"@context":"https:\/\/schema.org","@graph":[{"@type":"WebPage","@id":"https:\/\/www.dblanc.es\/en\/politica-de-privacidad\/","url":"https:\/\/www.dblanc.es\/en\/politica-de-privacidad\/","name":"Pol\u00edtica de Privacidad &#8226; DBlanc - Bodas en la playa Barcelona","isPartOf":{"@id":"https:\/\/www.dblanc.es\/en\/#website"},"datePublished":"2025-07-15T15:48:29+00:00","dateModified":"2025-07-15T15:59:54+00:00","breadcrumb":{"@id":"https:\/\/www.dblanc.es\/en\/politica-de-privacidad\/#breadcrumb"},"inLanguage":"en-US","potentialAction":[{"@type":"ReadAction","target":["https:\/\/www.dblanc.es\/en\/politica-de-privacidad\/"]}]},{"@type":"BreadcrumbList","@id":"https:\/\/www.dblanc.es\/en\/politica-de-privacidad\/#breadcrumb","itemListElement":[{"@type":"ListItem","position":1,"name":"Portada","item":"https:\/\/www.dblanc.es\/en\/home\/"},{"@type":"ListItem","position":2,"name":"Pol\u00edtica de Privacidad"}]},{"@type":"WebSite","@id":"https:\/\/www.dblanc.es\/en\/#website","url":"https:\/\/www.dblanc.es\/en\/","name":"DBlanc - Bodas en la playa Barcelona","description":"Bodas en la playa. Slow Weddings frente al mar.","potentialAction":[{"@type":"SearchAction","target":{"@type":"EntryPoint","urlTemplate":"https:\/\/www.dblanc.es\/en\/?s={search_term_string}"},"query-input":{"@type":"PropertyValueSpecification","valueRequired":true,"valueName":"search_term_string"}}],"inLanguage":"en-US"}]}},"_links":{"self":[{"href":"https:\/\/www.dblanc.es\/en\/wp-json\/wp\/v2\/pages\/16638","targetHints":{"allow":["GET"]}}],"collection":[{"href":"https:\/\/www.dblanc.es\/en\/wp-json\/wp\/v2\/pages"}],"about":[{"href":"https:\/\/www.dblanc.es\/en\/wp-json\/wp\/v2\/types\/page"}],"author":[{"embeddable":true,"href":"https:\/\/www.dblanc.es\/en\/wp-json\/wp\/v2\/users\/1"}],"replies":[{"embeddable":true,"href":"https:\/\/www.dblanc.es\/en\/wp-json\/wp\/v2\/comments?post=16638"}],"version-history":[{"count":0,"href":"https:\/\/www.dblanc.es\/en\/wp-json\/wp\/v2\/pages\/16638\/revisions"}],"wp:attachment":[{"href":"https:\/\/www.dblanc.es\/en\/wp-json\/wp\/v2\/media?parent=16638"}],"curies":[{"name":"wp","href":"https:\/\/api.w.org\/{rel}","templated":true}]}}