{"id":16505,"date":"2024-05-06T12:36:00","date_gmt":"2024-05-06T10:36:00","guid":{"rendered":"https:\/\/www.dblanc.es\/politica-de-cookies\/"},"modified":"2025-07-15T18:04:03","modified_gmt":"2025-07-15T16:04:03","slug":"politica-de-cookies","status":"publish","type":"page","link":"https:\/\/www.dblanc.es\/en\/politica-de-cookies\/","title":{"rendered":"Pol\u00edtica de Cookies"},"content":{"rendered":"<div class=\"fusion-fullwidth fullwidth-box fusion-builder-row-1 fusion-flex-container nonhundred-percent-fullwidth non-hundred-percent-height-scrolling\" style=\"--awb-border-radius-top-left:0px;--awb-border-radius-top-right:0px;--awb-border-radius-bottom-right:0px;--awb-border-radius-bottom-left:0px;--awb-flex-wrap:wrap;\" ><div class=\"fusion-builder-row fusion-row fusion-flex-align-items-flex-start fusion-flex-content-wrap\" style=\"max-width:1726.4px;margin-left: calc(-4% \/ 2 );margin-right: calc(-4% \/ 2 );\"><div class=\"fusion-layout-column fusion_builder_column fusion-builder-column-0 fusion_builder_column_1_1 1_1 fusion-flex-column\" style=\"--awb-bg-size:cover;--awb-width-large:100%;--awb-margin-top-large:0px;--awb-spacing-right-large:1.92%;--awb-margin-bottom-large:0px;--awb-spacing-left-large:1.92%;--awb-width-medium:100%;--awb-spacing-right-medium:1.92%;--awb-spacing-left-medium:1.92%;--awb-width-small:100%;--awb-spacing-right-small:1.92%;--awb-spacing-left-small:1.92%;\"><div class=\"fusion-column-wrapper fusion-flex-justify-content-flex-start fusion-content-layout-column\"><div class=\"fusion-text fusion-text-1\"><h1>Pol\u00edtica de Cookies<\/h1>\n<p>En cumplimiento con lo establecido en el art\u00edculo 22.2 de la Ley 34\/2002, de Servicios de la Sociedad de la Informaci\u00f3n y Comercio Electr\u00f3nico (LSSI-CE), DBLANCRADIANT 2015, S.L. (en adelante, &#8220;DBLANC&#8221;) informa a los usuarios de su sitio web www.dblanc.es sobre el uso de cookies y dispositivos de almacenamiento y recuperaci\u00f3n de datos en los equipos terminales.<\/p>\n<h2>\u00bfQu\u00e9 son las cookies?<\/h2>\n<p>Las cookies son peque\u00f1os archivos de texto que se descargan en tu dispositivo al acceder a determinadas p\u00e1ginas web. Permiten, entre otras cosas, almacenar y recuperar informaci\u00f3n sobre los h\u00e1bitos de navegaci\u00f3n de un usuario y, dependiendo de la informaci\u00f3n que contengan y de la forma en que utilices tu dispositivo, pueden utilizarse para reconocer al usuario.<\/p>\n<h2>Tipos de cookies utilizadas en este sitio web<\/h2>\n<p>En www.dblanc.es se utilizan las siguientes categor\u00edas de cookies:<\/p>\n<ul>\n<li><strong>Cookies t\u00e9cnicas:<\/strong> Son aquellas necesarias para la navegaci\u00f3n y el buen funcionamiento del sitio web.<\/li>\n<li><strong>Cookies de personalizaci\u00f3n:<\/strong> Permiten al usuario acceder al servicio con algunas caracter\u00edsticas de car\u00e1cter general predefinidas, como el idioma.<\/li>\n<li><strong>Cookies de an\u00e1lisis:<\/strong> Permiten el seguimiento y an\u00e1lisis del comportamiento de los usuarios del sitio web con fines estad\u00edsticos (por ejemplo, Google Analytics).<\/li>\n<\/ul>\n<h2>Cookies utilizadas<\/h2>\n<table border=\"1\" cellpadding=\"5\" cellspacing=\"0\" style=\"width:100%;\">\n<thead>\n<tr>\n<th>Cookie<\/th>\n<th>Tipo<\/th>\n<th>Duraci\u00f3n<\/th>\n<th>Descripci\u00f3n<\/th>\n<\/tr>\n<\/thead>\n<tbody>\n<tr>\n<td>_ga<\/td>\n<td>An\u00e1lisis (Google Analytics)<\/td>\n<td>2 a\u00f1os<\/td>\n<td>Se usa para distinguir a los usuarios.<\/td>\n<\/tr>\n<tr>\n<td>_gid<\/td>\n<td>An\u00e1lisis (Google Analytics)<\/td>\n<td>24 horas<\/td>\n<td>Se usa para distinguir a los usuarios.<\/td>\n<\/tr>\n<tr>\n<td>_gat<\/td>\n<td>An\u00e1lisis (Google Analytics)<\/td>\n<td>1 minuto<\/td>\n<td>Se usa para limitar el porcentaje de solicitudes.<\/td>\n<\/tr>\n<tr>\n<td>wp-wpml_current_language<\/td>\n<td>Personalizaci\u00f3n (WPML)<\/td>\n<td>1 d\u00eda<\/td>\n<td>Guarda el idioma actual del usuario.<\/td>\n<\/tr>\n<tr>\n<td>_icl_visitor_lang_js<\/td>\n<td>Personalizaci\u00f3n (WPML)<\/td>\n<td>1 d\u00eda<\/td>\n<td>Detecta el idioma del navegador y redirige al idioma adecuado.<\/td>\n<\/tr>\n<tr>\n<td>woocommerce_cart_hash<\/td>\n<td>T\u00e9cnica (WooCommerce)<\/td>\n<td>Sesi\u00f3n<\/td>\n<td>Ayuda a determinar cuando el contenido del carrito cambia.<\/td>\n<\/tr>\n<tr>\n<td>woocommerce_items_in_cart<\/td>\n<td>T\u00e9cnica (WooCommerce)<\/td>\n<td>Sesi\u00f3n<\/td>\n<td>Registra si hay art\u00edculos en el carrito.<\/td>\n<\/tr>\n<tr>\n<td>wp_woocommerce_session_*<\/td>\n<td>T\u00e9cnica (WooCommerce)<\/td>\n<td>2 d\u00edas<\/td>\n<td>Contiene un c\u00f3digo \u00fanico para cada cliente para identificar el carrito en la base de datos.<\/td>\n<\/tr>\n<\/tbody>\n<\/table>\n<h2>Gesti\u00f3n de cookies<\/h2>\n<p>El usuario tiene la posibilidad de configurar su navegador para ser avisado de la recepci\u00f3n de cookies y para impedir su instalaci\u00f3n en su dispositivo. A continuaci\u00f3n, te facilitamos enlaces a los principales navegadores para que puedas gestionar las cookies:<\/p>\n<ul>\n<li><a href=\"https:\/\/support.google.com\/chrome\/answer\/95647?hl=es\" target=\"_blank\" rel=\"noopener\">Google Chrome<\/a><\/li>\n<li><a href=\"https:\/\/support.mozilla.org\/es\/kb\/cookies-informacion-que-los-sitios-web-guardan-en-\" target=\"_blank\" rel=\"noopener\">Mozilla Firefox<\/a><\/li>\n<li><a href=\"https:\/\/support.apple.com\/es-es\/guide\/safari\/sfri11471\/mac\" target=\"_blank\" rel=\"noopener\">Safari<\/a><\/li>\n<li><a href=\"https:\/\/support.microsoft.com\/es-es\/help\/17442\/windows-internet-explorer-delete-manage-cookies\" target=\"_blank\" rel=\"noopener\">Internet Explorer<\/a><\/li>\n<li><a href=\"https:\/\/www.microsoft.com\/edge\" target=\"_blank\" rel=\"noopener\">Microsoft Edge<\/a><\/li>\n<\/ul>\n<h2>Consentimiento<\/h2>\n<p>Al navegar y continuar en nuestro sitio web, el usuario consiente el uso de las cookies antes mencionadas, en las condiciones contenidas en la presente Pol\u00edtica de Cookies.<\/p>\n<h2>Actualizaciones y cambios en la pol\u00edtica de cookies<\/h2>\n<p>DBLANC puede modificar esta Pol\u00edtica de Cookies en funci\u00f3n de exigencias legislativas, reglamentarias, o con la finalidad de adaptarla a las instrucciones dictadas por la Agencia Espa\u00f1ola de Protecci\u00f3n de Datos. Se recomienda a los usuarios que la visiten peri\u00f3dicamente.<\/p>\n<\/div><\/div><\/div><\/div><\/div>\n","protected":false},"excerpt":{"rendered":"","protected":false},"author":1,"featured_media":0,"parent":0,"menu_order":0,"comment_status":"closed","ping_status":"closed","template":"","meta":{"footnotes":""},"class_list":["post-16505","page","type-page","status-publish","hentry"],"yoast_head":"<!-- This site is optimized with the Yoast SEO plugin v27.2 - https:\/\/yoast.com\/product\/yoast-seo-wordpress\/ -->\n<title>Pol\u00edtica de Cookies &#8226; DBlanc - Bodas en la playa Barcelona<\/title>\n<meta name=\"robots\" content=\"index, follow, max-snippet:-1, max-image-preview:large, max-video-preview:-1\" \/>\n<link rel=\"canonical\" href=\"https:\/\/www.dblanc.es\/en\/politica-de-cookies\/\" \/>\n<meta property=\"og:locale\" content=\"en_US\" \/>\n<meta property=\"og:type\" content=\"article\" \/>\n<meta property=\"og:title\" content=\"Pol\u00edtica de Cookies &#8226; DBlanc - Bodas en la playa Barcelona\" \/>\n<meta property=\"og:url\" content=\"https:\/\/www.dblanc.es\/en\/politica-de-cookies\/\" \/>\n<meta property=\"og:site_name\" content=\"DBlanc - Bodas en la playa Barcelona\" \/>\n<meta property=\"article:publisher\" content=\"https:\/\/www.facebook.com\/DBlanc-969291596443347\/?ref=ts&amp;fref=ts\" \/>\n<meta property=\"article:modified_time\" content=\"2025-07-15T16:04:03+00:00\" \/>\n<meta property=\"og:image\" content=\"https:\/\/www.dblanc.es\/wp-content\/uploads\/2016\/01\/Tastet2018Web-216.jpg\" \/>\n\t<meta property=\"og:image:width\" content=\"1440\" \/>\n\t<meta property=\"og:image:height\" content=\"960\" \/>\n\t<meta property=\"og:image:type\" content=\"image\/jpeg\" \/>\n<meta name=\"twitter:card\" content=\"summary_large_image\" \/>\n<meta name=\"twitter:site\" content=\"@dblanc_weddings\" \/>\n<meta name=\"twitter:label1\" content=\"Est. reading time\" \/>\n\t<meta name=\"twitter:data1\" content=\"4 minutes\" \/>\n<script type=\"application\/ld+json\" class=\"yoast-schema-graph\">{\"@context\":\"https:\/\/schema.org\",\"@graph\":[{\"@type\":\"WebPage\",\"@id\":\"https:\/\/www.dblanc.es\/en\/politica-de-cookies\/\",\"url\":\"https:\/\/www.dblanc.es\/en\/politica-de-cookies\/\",\"name\":\"Pol\u00edtica de Cookies &#8226; DBlanc - Bodas en la playa Barcelona\",\"isPartOf\":{\"@id\":\"https:\/\/www.dblanc.es\/en\/#website\"},\"datePublished\":\"2024-05-06T10:36:00+00:00\",\"dateModified\":\"2025-07-15T16:04:03+00:00\",\"breadcrumb\":{\"@id\":\"https:\/\/www.dblanc.es\/en\/politica-de-cookies\/#breadcrumb\"},\"inLanguage\":\"en-US\",\"potentialAction\":[{\"@type\":\"ReadAction\",\"target\":[\"https:\/\/www.dblanc.es\/en\/politica-de-cookies\/\"]}]},{\"@type\":\"BreadcrumbList\",\"@id\":\"https:\/\/www.dblanc.es\/en\/politica-de-cookies\/#breadcrumb\",\"itemListElement\":[{\"@type\":\"ListItem\",\"position\":1,\"name\":\"Portada\",\"item\":\"https:\/\/www.dblanc.es\/en\/home\/\"},{\"@type\":\"ListItem\",\"position\":2,\"name\":\"Pol\u00edtica de Cookies\"}]},{\"@type\":\"WebSite\",\"@id\":\"https:\/\/www.dblanc.es\/en\/#website\",\"url\":\"https:\/\/www.dblanc.es\/en\/\",\"name\":\"DBlanc - Bodas en la playa Barcelona\",\"description\":\"Bodas en la playa. Slow Weddings frente al mar.\",\"potentialAction\":[{\"@type\":\"SearchAction\",\"target\":{\"@type\":\"EntryPoint\",\"urlTemplate\":\"https:\/\/www.dblanc.es\/en\/?s={search_term_string}\"},\"query-input\":{\"@type\":\"PropertyValueSpecification\",\"valueRequired\":true,\"valueName\":\"search_term_string\"}}],\"inLanguage\":\"en-US\"}]}<\/script>\n<!-- \/ Yoast SEO plugin. -->","yoast_head_json":{"title":"Pol\u00edtica de Cookies &#8226; DBlanc - Bodas en la playa Barcelona","robots":{"index":"index","follow":"follow","max-snippet":"max-snippet:-1","max-image-preview":"max-image-preview:large","max-video-preview":"max-video-preview:-1"},"canonical":"https:\/\/www.dblanc.es\/en\/politica-de-cookies\/","og_locale":"en_US","og_type":"article","og_title":"Pol\u00edtica de Cookies &#8226; DBlanc - Bodas en la playa Barcelona","og_url":"https:\/\/www.dblanc.es\/en\/politica-de-cookies\/","og_site_name":"DBlanc - Bodas en la playa Barcelona","article_publisher":"https:\/\/www.facebook.com\/DBlanc-969291596443347\/?ref=ts&fref=ts","article_modified_time":"2025-07-15T16:04:03+00:00","og_image":[{"width":1440,"height":960,"url":"https:\/\/www.dblanc.es\/wp-content\/uploads\/2016\/01\/Tastet2018Web-216.jpg","type":"image\/jpeg"}],"twitter_card":"summary_large_image","twitter_site":"@dblanc_weddings","twitter_misc":{"Est. reading time":"4 minutes"},"schema":{"@context":"https:\/\/schema.org","@graph":[{"@type":"WebPage","@id":"https:\/\/www.dblanc.es\/en\/politica-de-cookies\/","url":"https:\/\/www.dblanc.es\/en\/politica-de-cookies\/","name":"Pol\u00edtica de Cookies &#8226; DBlanc - Bodas en la playa Barcelona","isPartOf":{"@id":"https:\/\/www.dblanc.es\/en\/#website"},"datePublished":"2024-05-06T10:36:00+00:00","dateModified":"2025-07-15T16:04:03+00:00","breadcrumb":{"@id":"https:\/\/www.dblanc.es\/en\/politica-de-cookies\/#breadcrumb"},"inLanguage":"en-US","potentialAction":[{"@type":"ReadAction","target":["https:\/\/www.dblanc.es\/en\/politica-de-cookies\/"]}]},{"@type":"BreadcrumbList","@id":"https:\/\/www.dblanc.es\/en\/politica-de-cookies\/#breadcrumb","itemListElement":[{"@type":"ListItem","position":1,"name":"Portada","item":"https:\/\/www.dblanc.es\/en\/home\/"},{"@type":"ListItem","position":2,"name":"Pol\u00edtica de Cookies"}]},{"@type":"WebSite","@id":"https:\/\/www.dblanc.es\/en\/#website","url":"https:\/\/www.dblanc.es\/en\/","name":"DBlanc - Bodas en la playa Barcelona","description":"Bodas en la playa. Slow Weddings frente al mar.","potentialAction":[{"@type":"SearchAction","target":{"@type":"EntryPoint","urlTemplate":"https:\/\/www.dblanc.es\/en\/?s={search_term_string}"},"query-input":{"@type":"PropertyValueSpecification","valueRequired":true,"valueName":"search_term_string"}}],"inLanguage":"en-US"}]}},"_links":{"self":[{"href":"https:\/\/www.dblanc.es\/en\/wp-json\/wp\/v2\/pages\/16505","targetHints":{"allow":["GET"]}}],"collection":[{"href":"https:\/\/www.dblanc.es\/en\/wp-json\/wp\/v2\/pages"}],"about":[{"href":"https:\/\/www.dblanc.es\/en\/wp-json\/wp\/v2\/types\/page"}],"author":[{"embeddable":true,"href":"https:\/\/www.dblanc.es\/en\/wp-json\/wp\/v2\/users\/1"}],"replies":[{"embeddable":true,"href":"https:\/\/www.dblanc.es\/en\/wp-json\/wp\/v2\/comments?post=16505"}],"version-history":[{"count":0,"href":"https:\/\/www.dblanc.es\/en\/wp-json\/wp\/v2\/pages\/16505\/revisions"}],"wp:attachment":[{"href":"https:\/\/www.dblanc.es\/en\/wp-json\/wp\/v2\/media?parent=16505"}],"curies":[{"name":"wp","href":"https:\/\/api.w.org\/{rel}","templated":true}]}}