{"id":1796,"date":"2016-01-12T09:54:47","date_gmt":"2016-01-12T08:54:47","guid":{"rendered":"https:\/\/www.dblanc.es\/ca\/galeria\/"},"modified":"2026-02-17T11:19:31","modified_gmt":"2026-02-17T10:19:31","slug":"galeria","status":"publish","type":"page","link":"https:\/\/www.dblanc.es\/ca\/galeria\/","title":{"rendered":"Galeria"},"content":{"rendered":"<div class=\"fusion-fullwidth fullwidth-box fusion-builder-row-1 hundred-percent-fullwidth non-hundred-percent-height-scrolling\" style=\"--awb-border-radius-top-left:0px;--awb-border-radius-top-right:0px;--awb-border-radius-bottom-right:0px;--awb-border-radius-bottom-left:0px;--awb-overflow:visible;--awb-padding-right:0px;--awb-padding-left:0px;--awb-flex-wrap:wrap;\" ><div class=\"fusion-builder-row fusion-row\"><div class=\"fusion-layout-column fusion_builder_column fusion-builder-column-0 fusion_builder_column_1_1 1_1 fusion-one-full fusion-column-first fusion-column-last fusion-column-no-min-height\" style=\"--awb-bg-size:cover;\"><div class=\"fusion-column-wrapper fusion-flex-column-wrapper-legacy\"><div class=\"fusion-title title fusion-title-1 fusion-sep-none fusion-title-center fusion-title-text fusion-title-size-three\"><h3 class=\"fusion-title-heading title-heading-center fusion-responsive-typography-calculated\" style=\"margin:0;--fontSize:26;line-height:1.62;\"><h2>Galeria de fotos dels nostres casaments a la platja<\/h2><\/h3><\/div><div class=\"fusion-text fusion-text-1\"><p style=\"text-align: center;\"><b data-path-to-node=\"1,0\" data-index-in-node=\"0\">Casaments a la platja<\/b>: Benvinguts a la nostra galeria de moments inoblidables a DBlanc. Aqu\u00ed trobar\u00e0s una selecci\u00f3 de fotos reals de cerim\u00f2nies m\u00e0giques a la sorra, banquets davant del mar i les millors festes de Barcelona. Inspira\u2019t amb les nostres parelles i descobreix per qu\u00e8 som el lloc ideal per a un &#8220;s\u00ed, vull&#8221; \u00fanic i amb estil mediterrani.  <\/p>\n<\/div><div class=\"fusion-text fusion-text-2\">\t\t<div style=\"clear:both\"><\/div>\n\t\t<div class=\"psgal_wrap\">\n\t\t\t<div id=\"psgal_1796_1\" data-psgal_id=\"1796_1\" data-psgal_container_id=\"container_1796_1\" data-psgal_thumbnail_width=\"300\" data-psgal_use_masonary=\"0\" class=\"psgal-inline psgal gallery-columns-5 gallery-size-medium use_masonry_ show_captions_\" itemscope itemtype=\"http:\/\/schema.org\/ImageGallery\">\n\t\t\t\t\t\t\t\t\t\t<figure class=\"msnry_items\" itemscope itemtype=\"http:\/\/schema.org\/ImageObject\" style=\"width:300px;\">\n\t\t\t\t\t\t\t<a href=\"https:\/\/www.dblanc.es\/wp-content\/uploads\/2026\/02\/recien-casados-salida-ceremonia-lluvia-petalos-boda-blanca-playa-dblanc.jpg\" itemprop=\"contentUrl\" data-size=\"1024x805\" data-caption=\"\" style=\"height:228.13333333333px;\">\n\t\t\t\t\t\t\t\t<img decoding=\"async\" class=\"msnry_thumb\" src=\"https:\/\/www.dblanc.es\/wp-content\/uploads\/2026\/02\/recien-casados-salida-ceremonia-lluvia-petalos-boda-blanca-playa-dblanc-600x472.jpg\" itemprop=\"thumbnail\" alt=\"Reci\u00e9n casats celebrant la sortida de la cerim\u00f2nia amb pluja de p\u00e8tals vermells a la platja de DBlanc.\" \/>\n\t\t\t\t\t\t\t<\/a>\n\t\t\t\t\t\t\t\t\t\t\t\t\t\t<figcaption class=\"photoswipe-gallery-caption\" style=\"display:none;\"><\/figcaption>\n\n\t\t\t\t\t\t<\/figure>\n\t\t\t\t\t\t\t\t\t\t<figure class=\"msnry_items\" itemscope itemtype=\"http:\/\/schema.org\/ImageObject\" style=\"width:300px;\">\n\t\t\t\t\t\t\t<a href=\"https:\/\/www.dblanc.es\/wp-content\/uploads\/2026\/02\/ritual-ceremonia-arena-reloj-corazon-boda-playa-dblanc.jpg\" itemprop=\"contentUrl\" data-size=\"867x1300\" data-caption=\"\" style=\"height:435px;\">\n\t\t\t\t\t\t\t\t<img decoding=\"async\" class=\"msnry_thumb\" src=\"https:\/\/www.dblanc.es\/wp-content\/uploads\/2026\/02\/ritual-ceremonia-arena-reloj-corazon-boda-playa-dblanc-600x900.jpg\" itemprop=\"thumbnail\" alt=\"N\u00f2vios realitzant el ritual de la sorra amb ampolles de vidre en una cerim\u00f2nia de casament davant del mar a DBlanc.\" \/>\n\t\t\t\t\t\t\t<\/a>\n\t\t\t\t\t\t\t\t\t\t\t\t\t\t<figcaption class=\"photoswipe-gallery-caption\" style=\"display:none;\"><\/figcaption>\n\n\t\t\t\t\t\t<\/figure>\n\t\t\t\t\t\t\t\t\t\t<figure class=\"msnry_items\" itemscope itemtype=\"http:\/\/schema.org\/ImageObject\" style=\"width:300px;\">\n\t\t\t\t\t\t\t<a href=\"https:\/\/www.dblanc.es\/wp-content\/uploads\/2026\/02\/ceremonia-boda-playa-boho-pampas-macrame-invitados-dblanc-1600x1067.jpg\" itemprop=\"contentUrl\" data-size=\"1600x1067\" data-caption=\"\" style=\"height:193.33333333333px;\">\n\t\t\t\t\t\t\t\t<img decoding=\"async\" class=\"msnry_thumb\" src=\"https:\/\/www.dblanc.es\/wp-content\/uploads\/2026\/02\/ceremonia-boda-playa-boho-pampas-macrame-invitados-dblanc-600x400.jpg\" itemprop=\"thumbnail\" alt=\"Casament reial a la platja privada de DBlanc amb convidats asseguts davant del mar a Catalunya\" \/>\n\t\t\t\t\t\t\t<\/a>\n\t\t\t\t\t\t\t\t\t\t\t\t\t\t<figcaption class=\"photoswipe-gallery-caption\" style=\"display:none;\"><\/figcaption>\n\n\t\t\t\t\t\t<\/figure>\n\t\t\t\t\t\t\t\t\t\t<figure class=\"msnry_items\" itemscope itemtype=\"http:\/\/schema.org\/ImageObject\" style=\"width:300px;\">\n\t\t\t\t\t\t\t<a href=\"https:\/\/www.dblanc.es\/wp-content\/uploads\/2026\/02\/buffet-quesos-aperitivo-boda-playa-catering-moderno-dblanc-1600x1067.jpg\" itemprop=\"contentUrl\" data-size=\"1600x1067\" data-caption=\"\" style=\"height:193.33333333333px;\">\n\t\t\t\t\t\t\t\t<img decoding=\"async\" class=\"msnry_thumb\" src=\"https:\/\/www.dblanc.es\/wp-content\/uploads\/2026\/02\/buffet-quesos-aperitivo-boda-playa-catering-moderno-dblanc-600x400.jpg\" itemprop=\"thumbnail\" alt=\"Cuiner professional servint bufet de formatges artesans a l\u2019aperitiu d\u2019un casament a la platja DBlanc.\" \/>\n\t\t\t\t\t\t\t<\/a>\n\t\t\t\t\t\t\t\t\t\t\t\t\t\t<figcaption class=\"photoswipe-gallery-caption\" style=\"display:none;\"><\/figcaption>\n\n\t\t\t\t\t\t<\/figure>\n\t\t\t\t\t\t\t\t\t\t<figure class=\"msnry_items\" itemscope itemtype=\"http:\/\/schema.org\/ImageObject\" style=\"width:300px;\">\n\t\t\t\t\t\t\t<a href=\"https:\/\/www.dblanc.es\/wp-content\/uploads\/2026\/02\/fiesta-boda-novios-saltando-letras-luminosas-noche-dblanc.png\" itemprop=\"contentUrl\" data-size=\"1508x1000\" data-caption=\"\" style=\"height:192.36666666667px;\">\n\t\t\t\t\t\t\t\t<img decoding=\"async\" class=\"msnry_thumb\" src=\"https:\/\/www.dblanc.es\/wp-content\/uploads\/2026\/02\/fiesta-boda-novios-saltando-letras-luminosas-noche-dblanc-600x398.png\" itemprop=\"thumbnail\" alt=\"N\u00f2vios saltant amb paraig\u00fces davant de grans lletres lluminoses de DBlanc en una festa de casament nocturna.\" \/>\n\t\t\t\t\t\t\t<\/a>\n\t\t\t\t\t\t\t\t\t\t\t\t\t\t<figcaption class=\"photoswipe-gallery-caption\" style=\"display:none;\"><\/figcaption>\n\n\t\t\t\t\t\t<\/figure>\n\t\t\t\t\t\t\t\t\t\t<figure class=\"msnry_items\" itemscope itemtype=\"http:\/\/schema.org\/ImageObject\" style=\"width:300px;\">\n\t\t\t\t\t\t\t<a href=\"https:\/\/www.dblanc.es\/wp-content\/uploads\/2026\/02\/porta-alianzas-caracolas-mar-anillos-boda-playa-barcelona-dblanc-1600x1068.jpg\" itemprop=\"contentUrl\" data-size=\"1600x1068\" data-caption=\"\" style=\"height:193.81666666667px;\">\n\t\t\t\t\t\t\t\t<img decoding=\"async\" class=\"msnry_thumb\" src=\"https:\/\/www.dblanc.es\/wp-content\/uploads\/2026\/02\/porta-alianzas-caracolas-mar-anillos-boda-playa-barcelona-dblanc-600x401.jpg\" itemprop=\"thumbnail\" alt=\"Detall d\u2019anells de casament subjectats amb lla\u00e7os dins de grans cargols de mar naturals a DBlanc.\" \/>\n\t\t\t\t\t\t\t<\/a>\n\t\t\t\t\t\t\t\t\t\t\t\t\t\t<figcaption class=\"photoswipe-gallery-caption\" style=\"display:none;\"><\/figcaption>\n\n\t\t\t\t\t\t<\/figure>\n\t\t\t\t\t\t\t\t\t\t<figure class=\"msnry_items\" itemscope itemtype=\"http:\/\/schema.org\/ImageObject\" style=\"width:300px;\">\n\t\t\t\t\t\t\t<a href=\"https:\/\/www.dblanc.es\/wp-content\/uploads\/2026\/02\/novios-descalzos-alfombra-yute-ceremonia-boda-playa-dblanc.jpg\" itemprop=\"contentUrl\" data-size=\"1440x960\" data-caption=\"Detall d\u2019un casament relaxat i elegant a la sorra, mostrant la parella gaudint del moment sobre una catifa circular de jute, amb decoraci\u00f3 floral natural i mobiliari de fusta i bamb\u00fa.\" style=\"height:193.33333333333px;\">\n\t\t\t\t\t\t\t\t<img decoding=\"async\" class=\"msnry_thumb\" src=\"https:\/\/www.dblanc.es\/wp-content\/uploads\/2026\/02\/novios-descalzos-alfombra-yute-ceremonia-boda-playa-dblanc-600x400.jpg\" itemprop=\"thumbnail\" alt=\"N\u00f2vios descal\u00e7os asseguts en un banc de bamb\u00fa sobre una catifa de jute en una cerim\u00f2nia de casament a la platja DBlanc.\" \/>\n\t\t\t\t\t\t\t<\/a>\n\t\t\t\t\t\t\t\t\t\t\t\t\t\t<figcaption class=\"photoswipe-gallery-caption\" style=\"display:none;\">Detall d\u2019un casament relaxat i elegant a la sorra, mostrant la parella gaudint del moment sobre una catifa circular de jute, amb decoraci\u00f3 floral natural i mobiliari de fusta i bamb\u00fa.<\/figcaption>\n\n\t\t\t\t\t\t<\/figure>\n\t\t\t\t\t\t\t\t\t\t<figure class=\"msnry_items\" itemscope itemtype=\"http:\/\/schema.org\/ImageObject\" style=\"width:300px;\">\n\t\t\t\t\t\t\t<a href=\"https:\/\/www.dblanc.es\/wp-content\/uploads\/2026\/02\/boda-gay-pareja-hombres-abrazo-romantico-noche-luces-verbena-dblanc.jpg\" itemprop=\"contentUrl\" data-size=\"1600x1066\" data-caption=\"\" style=\"height:193.33333333333px;\">\n\t\t\t\t\t\t\t\t<img decoding=\"async\" class=\"msnry_thumb\" src=\"https:\/\/www.dblanc.es\/wp-content\/uploads\/2026\/02\/boda-gay-pareja-hombres-abrazo-romantico-noche-luces-verbena-dblanc-600x400.jpg\" itemprop=\"thumbnail\" alt=\"Parella de n\u00f2vios acabats de casar abra\u00e7ats en un ambient rom\u00e0ntic sota garlandes de llums de festa major a la terrassa de DBlanc.\" \/>\n\t\t\t\t\t\t\t<\/a>\n\t\t\t\t\t\t\t\t\t\t\t\t\t\t<figcaption class=\"photoswipe-gallery-caption\" style=\"display:none;\"><\/figcaption>\n\n\t\t\t\t\t\t<\/figure>\n\t\t\t\t\t\t\t\t\t\t<figure class=\"msnry_items\" itemscope itemtype=\"http:\/\/schema.org\/ImageObject\" style=\"width:300px;\">\n\t\t\t\t\t\t\t<a href=\"https:\/\/www.dblanc.es\/wp-content\/uploads\/2026\/02\/fiesta-boda-noche-disco-novia-invitadas-baile-luces-neones-dblanc-1600x1068.jpg\" itemprop=\"contentUrl\" data-size=\"1600x1068\" data-caption=\"\" style=\"height:193.33333333333px;\">\n\t\t\t\t\t\t\t\t<img decoding=\"async\" class=\"msnry_thumb\" src=\"https:\/\/www.dblanc.es\/wp-content\/uploads\/2026\/02\/fiesta-boda-noche-disco-novia-invitadas-baile-luces-neones-dblanc-600x400.jpg\" itemprop=\"thumbnail\" alt=\"N\u00f2via i convidades celebrant la festa de casament amb accessoris divertits i llums din\u00e0miques a la pista de ball de DBlanc.\" \/>\n\t\t\t\t\t\t\t<\/a>\n\t\t\t\t\t\t\t\t\t\t\t\t\t\t<figcaption class=\"photoswipe-gallery-caption\" style=\"display:none;\"><\/figcaption>\n\n\t\t\t\t\t\t<\/figure>\n\t\t\t\t\t\t\t\t\t\t<figure class=\"msnry_items\" itemscope itemtype=\"http:\/\/schema.org\/ImageObject\" style=\"width:300px;\">\n\t\t\t\t\t\t\t<a href=\"https:\/\/www.dblanc.es\/wp-content\/uploads\/2026\/02\/banquete-boda-informal-sin-protocolos-barcelona-dblanc.jpg\" itemprop=\"contentUrl\" data-size=\"1600x1065\" data-caption=\"\" style=\"height:192.85px;\">\n\t\t\t\t\t\t\t\t<img decoding=\"async\" class=\"msnry_thumb\" src=\"https:\/\/www.dblanc.es\/wp-content\/uploads\/2026\/02\/banquete-boda-informal-sin-protocolos-barcelona-dblanc-600x399.jpg\" itemprop=\"thumbnail\" alt=\"Pissarra amb missatge de casament sense protocols i gerro amb roses sobre barril al banquet nocturn de DBlanc\" \/>\n\t\t\t\t\t\t\t<\/a>\n\t\t\t\t\t\t\t\t\t\t\t\t\t\t<figcaption class=\"photoswipe-gallery-caption\" style=\"display:none;\"><\/figcaption>\n\n\t\t\t\t\t\t<\/figure>\n\t\t\t\t\t\t\t\t\t\t<figure class=\"msnry_items\" itemscope itemtype=\"http:\/\/schema.org\/ImageObject\" style=\"width:300px;\">\n\t\t\t\t\t\t\t<a href=\"https:\/\/www.dblanc.es\/wp-content\/uploads\/2026\/02\/decoracion-boda-playa-detalles-rusticos-letras-love-paipais-dblanc.jpg\" itemprop=\"contentUrl\" data-size=\"1024x683\" data-caption=\"\" style=\"height:193.33333333333px;\">\n\t\t\t\t\t\t\t\t<img decoding=\"async\" class=\"msnry_thumb\" src=\"https:\/\/www.dblanc.es\/wp-content\/uploads\/2026\/02\/decoracion-boda-playa-detalles-rusticos-letras-love-paipais-dblanc-600x400.jpg\" itemprop=\"thumbnail\" alt=\"Raconada de benvinguda r\u00fastica amb lletres LOVE, caixes de fusta i paipais per als convidats en casament a la platja DBlanc\" \/>\n\t\t\t\t\t\t\t<\/a>\n\t\t\t\t\t\t\t\t\t\t\t\t\t\t<figcaption class=\"photoswipe-gallery-caption\" style=\"display:none;\"><\/figcaption>\n\n\t\t\t\t\t\t<\/figure>\n\t\t\t\t\t\t\t\t\t\t<figure class=\"msnry_items\" itemscope itemtype=\"http:\/\/schema.org\/ImageObject\" style=\"width:300px;\">\n\t\t\t\t\t\t\t<a href=\"https:\/\/www.dblanc.es\/wp-content\/uploads\/2026\/02\/creperie-caravana-vintage-rosa-postre-boda-jardin-dblanc.jpg\" itemprop=\"contentUrl\" data-size=\"1440x960\" data-caption=\"\" style=\"height:193.33333333333px;\">\n\t\t\t\t\t\t\t\t<img decoding=\"async\" class=\"msnry_thumb\" src=\"https:\/\/www.dblanc.es\/wp-content\/uploads\/2026\/02\/creperie-caravana-vintage-rosa-postre-boda-jardin-dblanc-600x400.jpg\" itemprop=\"thumbnail\" alt=\"Caravana vintage rosa tipus food truck per a postres i recena al jard\u00ed de casaments de DBlanc.\" \/>\n\t\t\t\t\t\t\t<\/a>\n\t\t\t\t\t\t\t\t\t\t\t\t\t\t<figcaption class=\"photoswipe-gallery-caption\" style=\"display:none;\"><\/figcaption>\n\n\t\t\t\t\t\t<\/figure>\n\t\t\t\t\t\t\t\t\t\t<figure class=\"msnry_items\" itemscope itemtype=\"http:\/\/schema.org\/ImageObject\" style=\"width:300px;\">\n\t\t\t\t\t\t\t<a href=\"https:\/\/www.dblanc.es\/wp-content\/uploads\/2026\/02\/beso-novios-bombas-humo-rojo-arco-macrame-boda-playa-dblanc.jpg\" itemprop=\"contentUrl\" data-size=\"1600x1066\" data-caption=\"\" style=\"height:193.33333333333px;\">\n\t\t\t\t\t\t\t\t<img decoding=\"async\" class=\"msnry_thumb\" src=\"https:\/\/www.dblanc.es\/wp-content\/uploads\/2026\/02\/beso-novios-bombas-humo-rojo-arco-macrame-boda-playa-dblanc-600x400.jpg\" itemprop=\"thumbnail\" alt=\"N\u00f2vios fent-se un pet\u00f3 sota un arc de macram\u00e9 amb bengales de fum roig en un casament a la platja DBlanc.\" \/>\n\t\t\t\t\t\t\t<\/a>\n\t\t\t\t\t\t\t\t\t\t\t\t\t\t<figcaption class=\"photoswipe-gallery-caption\" style=\"display:none;\"><\/figcaption>\n\n\t\t\t\t\t\t<\/figure>\n\t\t\t\t\t\t\t\t\t\t<figure class=\"msnry_items\" itemscope itemtype=\"http:\/\/schema.org\/ImageObject\" style=\"width:300px;\">\n\t\t\t\t\t\t\t<a href=\"https:\/\/www.dblanc.es\/wp-content\/uploads\/2026\/02\/altar-boda-civil-playa-barcelona-sillas-mimbre-dblanc.jpg\" itemprop=\"contentUrl\" data-size=\"1024x683\" data-caption=\"\" style=\"height:193.33333333333px;\">\n\t\t\t\t\t\t\t\t<img decoding=\"async\" class=\"msnry_thumb\" src=\"https:\/\/www.dblanc.es\/wp-content\/uploads\/2026\/02\/altar-boda-civil-playa-barcelona-sillas-mimbre-dblanc-600x400.jpg\" itemprop=\"thumbnail\" alt=\"Altar de casament civil a la platja amb arc de fusta, teles blanques, flors i cadires de bresca tipus pa\u00f3 reial a DBlanc.\" \/>\n\t\t\t\t\t\t\t<\/a>\n\t\t\t\t\t\t\t\t\t\t\t\t\t\t<figcaption class=\"photoswipe-gallery-caption\" style=\"display:none;\"><\/figcaption>\n\n\t\t\t\t\t\t<\/figure>\n\t\t\t\t\t\t\t<\/div>\n\t\t<\/div>\n\t\t<div style='clear:both'><\/div>\n\n<\/div><div class=\"fusion-clearfix\"><\/div><\/div><\/div><div class=\"fusion-layout-column fusion_builder_column fusion-builder-column-1 fusion_builder_column_2_5 2_5 fusion-two-fifth fusion-column-first\" style=\"--awb-bg-size:cover;width:37.6%; margin-right: 4%;\"><div class=\"fusion-column-wrapper fusion-flex-column-wrapper-legacy\"><div class=\"fusion-text fusion-text-3\"><p style=\"text-align: center;\"><span style=\"color: #ffffff;\">&#8211;<\/span><\/p>\n<\/div><div class=\"fusion-clearfix\"><\/div><\/div><\/div><div class=\"fusion-layout-column fusion_builder_column fusion-builder-column-2 fusion_builder_column_1_5 1_5 fusion-one-fifth\" style=\"--awb-bg-size:cover;width:16.8%; margin-right: 4%;\"><div class=\"fusion-column-wrapper fusion-flex-column-wrapper-legacy\"><div class=\"fusion-text fusion-text-4\"><p style=\"text-align: center;\"><span style=\"color: #000080;\">Segueix-nos a Instagram <\/span><\/p>\n<p style=\"text-align: center;\"><span style=\"color: #000080;\">per veure m\u00e9s imatges<\/span><\/p>\n<\/div><div class=\"fusion-align-block\"><a class=\"fusion-button button-flat fusion-button-default-size button-default fusion-button-default button-1 fusion-button-default-span fusion-button-default-type\" style=\"width:calc(100%);\" target=\"_blank\" rel=\"noopener noreferrer\" href=\"https:\/\/www.instagram.com\/dblanc_restaurant\/?hl=es\"><i class=\" fa fa-instagram awb-button__icon awb-button__icon--default awb-button__icon--no-margin button-icon-left\" aria-hidden=\"true\"><\/i><span class=\"fusion-button-text awb-button__text awb-button__text--default\"><\/span><\/a><\/div><div class=\"fusion-clearfix\"><\/div><\/div><\/div><div class=\"fusion-layout-column fusion_builder_column fusion-builder-column-3 fusion_builder_column_2_5 2_5 fusion-two-fifth fusion-column-last\" style=\"--awb-bg-size:cover;width:37.6%;\"><div class=\"fusion-column-wrapper fusion-flex-column-wrapper-legacy\"><div class=\"fusion-text fusion-text-5\"><p style=\"text-align: center;\"><span style=\"color: #ffffff;\">&#8211;<\/span><\/p>\n<\/div><div class=\"fusion-clearfix\"><\/div><\/div><\/div><div class=\"fusion-layout-column fusion_builder_column fusion-builder-column-4 fusion_builder_column_1_1 1_1 fusion-one-full fusion-column-first fusion-column-last\" style=\"--awb-bg-size:cover;\"><div class=\"fusion-column-wrapper fusion-flex-column-wrapper-legacy\"><div class=\"fusion-text fusion-text-6\"><p style=\"text-align: center;\"><span style=\"color: #ffffff;\">&#8211;<\/span><\/p>\n<\/div><div class=\"fusion-clearfix\"><\/div><\/div><\/div><\/div><\/div>\n","protected":false},"excerpt":{"rendered":"","protected":false},"author":1,"featured_media":0,"parent":0,"menu_order":0,"comment_status":"closed","ping_status":"closed","template":"100-width.php","meta":{"footnotes":""},"class_list":["post-1796","page","type-page","status-publish","hentry"],"yoast_head":"<!-- This site is optimized with the Yoast SEO plugin v27.2 - https:\/\/yoast.com\/product\/yoast-seo-wordpress\/ -->\n<title>Galeria de Casaments a la Platja | Restaurant DBlanc Barcelona<\/title>\n<meta name=\"description\" content=\"Galeria de fotos de casaments a la platja a DBlanc. Inspira\u2019t amb imatges de cerim\u00f2nies reals, banquets davant del mar i les millors festes de Barcelona. Reserva avui!\" \/>\n<meta name=\"robots\" content=\"index, follow, max-snippet:-1, max-image-preview:large, max-video-preview:-1\" \/>\n<link rel=\"canonical\" href=\"https:\/\/www.dblanc.es\/ca\/galeria\/\" \/>\n<meta property=\"og:locale\" content=\"ca_ES\" \/>\n<meta property=\"og:type\" content=\"article\" \/>\n<meta property=\"og:title\" content=\"Galeria de Casaments a la Platja | Restaurant DBlanc Barcelona\" \/>\n<meta property=\"og:description\" content=\"Galeria de fotos de casaments a la platja a DBlanc. Inspira\u2019t amb imatges de cerim\u00f2nies reals, banquets davant del mar i les millors festes de Barcelona. Reserva avui!\" \/>\n<meta property=\"og:url\" content=\"https:\/\/www.dblanc.es\/ca\/galeria\/\" \/>\n<meta property=\"og:site_name\" content=\"DBlanc - Bodas en la playa Barcelona\" \/>\n<meta property=\"article:publisher\" content=\"https:\/\/www.facebook.com\/DBlanc-969291596443347\/?ref=ts&amp;fref=ts\" \/>\n<meta property=\"article:modified_time\" content=\"2026-02-17T10:19:31+00:00\" \/>\n<meta property=\"og:image\" content=\"https:\/\/www.dblanc.es\/wp-content\/uploads\/2016\/01\/Tastet2018Web-216.jpg\" \/>\n\t<meta property=\"og:image:width\" content=\"1440\" \/>\n\t<meta property=\"og:image:height\" content=\"960\" \/>\n\t<meta property=\"og:image:type\" content=\"image\/jpeg\" \/>\n<meta name=\"twitter:card\" content=\"summary_large_image\" \/>\n<meta name=\"twitter:site\" content=\"@dblanc_weddings\" \/>\n<meta name=\"twitter:label1\" content=\"Temps estimat de lectura\" \/>\n\t<meta name=\"twitter:data1\" content=\"6 minuts\" \/>\n<script type=\"application\/ld+json\" class=\"yoast-schema-graph\">{\"@context\":\"https:\/\/schema.org\",\"@graph\":[{\"@type\":\"WebPage\",\"@id\":\"https:\/\/www.dblanc.es\/ca\/galeria\/\",\"url\":\"https:\/\/www.dblanc.es\/ca\/galeria\/\",\"name\":\"Galeria de Casaments a la Platja | Restaurant DBlanc Barcelona\",\"isPartOf\":{\"@id\":\"https:\/\/www.dblanc.es\/ca\/#website\"},\"datePublished\":\"2016-01-12T08:54:47+00:00\",\"dateModified\":\"2026-02-17T10:19:31+00:00\",\"description\":\"Galeria de fotos de casaments a la platja a DBlanc. Inspira\u2019t amb imatges de cerim\u00f2nies reals, banquets davant del mar i les millors festes de Barcelona. Reserva avui!\",\"breadcrumb\":{\"@id\":\"https:\/\/www.dblanc.es\/ca\/galeria\/#breadcrumb\"},\"inLanguage\":\"ca\",\"potentialAction\":[{\"@type\":\"ReadAction\",\"target\":[\"https:\/\/www.dblanc.es\/ca\/galeria\/\"]}]},{\"@type\":\"BreadcrumbList\",\"@id\":\"https:\/\/www.dblanc.es\/ca\/galeria\/#breadcrumb\",\"itemListElement\":[{\"@type\":\"ListItem\",\"position\":1,\"name\":\"Portada\",\"item\":\"https:\/\/www.dblanc.es\/ca\/home\/\"},{\"@type\":\"ListItem\",\"position\":2,\"name\":\"Galeria\"}]},{\"@type\":\"WebSite\",\"@id\":\"https:\/\/www.dblanc.es\/ca\/#website\",\"url\":\"https:\/\/www.dblanc.es\/ca\/\",\"name\":\"DBlanc - Bodas en la playa Barcelona\",\"description\":\"Bodas en la playa. Slow Weddings frente al mar.\",\"potentialAction\":[{\"@type\":\"SearchAction\",\"target\":{\"@type\":\"EntryPoint\",\"urlTemplate\":\"https:\/\/www.dblanc.es\/ca\/?s={search_term_string}\"},\"query-input\":{\"@type\":\"PropertyValueSpecification\",\"valueRequired\":true,\"valueName\":\"search_term_string\"}}],\"inLanguage\":\"ca\"}]}<\/script>\n<!-- \/ Yoast SEO plugin. -->","yoast_head_json":{"title":"Galeria de Casaments a la Platja | Restaurant DBlanc Barcelona","description":"Galeria de fotos de casaments a la platja a DBlanc. Inspira\u2019t amb imatges de cerim\u00f2nies reals, banquets davant del mar i les millors festes de Barcelona. Reserva avui!","robots":{"index":"index","follow":"follow","max-snippet":"max-snippet:-1","max-image-preview":"max-image-preview:large","max-video-preview":"max-video-preview:-1"},"canonical":"https:\/\/www.dblanc.es\/ca\/galeria\/","og_locale":"ca_ES","og_type":"article","og_title":"Galeria de Casaments a la Platja | Restaurant DBlanc Barcelona","og_description":"Galeria de fotos de casaments a la platja a DBlanc. Inspira\u2019t amb imatges de cerim\u00f2nies reals, banquets davant del mar i les millors festes de Barcelona. Reserva avui!","og_url":"https:\/\/www.dblanc.es\/ca\/galeria\/","og_site_name":"DBlanc - Bodas en la playa Barcelona","article_publisher":"https:\/\/www.facebook.com\/DBlanc-969291596443347\/?ref=ts&fref=ts","article_modified_time":"2026-02-17T10:19:31+00:00","og_image":[{"width":1440,"height":960,"url":"https:\/\/www.dblanc.es\/wp-content\/uploads\/2016\/01\/Tastet2018Web-216.jpg","type":"image\/jpeg"}],"twitter_card":"summary_large_image","twitter_site":"@dblanc_weddings","twitter_misc":{"Temps estimat de lectura":"6 minuts"},"schema":{"@context":"https:\/\/schema.org","@graph":[{"@type":"WebPage","@id":"https:\/\/www.dblanc.es\/ca\/galeria\/","url":"https:\/\/www.dblanc.es\/ca\/galeria\/","name":"Galeria de Casaments a la Platja | Restaurant DBlanc Barcelona","isPartOf":{"@id":"https:\/\/www.dblanc.es\/ca\/#website"},"datePublished":"2016-01-12T08:54:47+00:00","dateModified":"2026-02-17T10:19:31+00:00","description":"Galeria de fotos de casaments a la platja a DBlanc. Inspira\u2019t amb imatges de cerim\u00f2nies reals, banquets davant del mar i les millors festes de Barcelona. Reserva avui!","breadcrumb":{"@id":"https:\/\/www.dblanc.es\/ca\/galeria\/#breadcrumb"},"inLanguage":"ca","potentialAction":[{"@type":"ReadAction","target":["https:\/\/www.dblanc.es\/ca\/galeria\/"]}]},{"@type":"BreadcrumbList","@id":"https:\/\/www.dblanc.es\/ca\/galeria\/#breadcrumb","itemListElement":[{"@type":"ListItem","position":1,"name":"Portada","item":"https:\/\/www.dblanc.es\/ca\/home\/"},{"@type":"ListItem","position":2,"name":"Galeria"}]},{"@type":"WebSite","@id":"https:\/\/www.dblanc.es\/ca\/#website","url":"https:\/\/www.dblanc.es\/ca\/","name":"DBlanc - Bodas en la playa Barcelona","description":"Bodas en la playa. Slow Weddings frente al mar.","potentialAction":[{"@type":"SearchAction","target":{"@type":"EntryPoint","urlTemplate":"https:\/\/www.dblanc.es\/ca\/?s={search_term_string}"},"query-input":{"@type":"PropertyValueSpecification","valueRequired":true,"valueName":"search_term_string"}}],"inLanguage":"ca"}]}},"_links":{"self":[{"href":"https:\/\/www.dblanc.es\/ca\/wp-json\/wp\/v2\/pages\/1796","targetHints":{"allow":["GET"]}}],"collection":[{"href":"https:\/\/www.dblanc.es\/ca\/wp-json\/wp\/v2\/pages"}],"about":[{"href":"https:\/\/www.dblanc.es\/ca\/wp-json\/wp\/v2\/types\/page"}],"author":[{"embeddable":true,"href":"https:\/\/www.dblanc.es\/ca\/wp-json\/wp\/v2\/users\/1"}],"replies":[{"embeddable":true,"href":"https:\/\/www.dblanc.es\/ca\/wp-json\/wp\/v2\/comments?post=1796"}],"version-history":[{"count":0,"href":"https:\/\/www.dblanc.es\/ca\/wp-json\/wp\/v2\/pages\/1796\/revisions"}],"wp:attachment":[{"href":"https:\/\/www.dblanc.es\/ca\/wp-json\/wp\/v2\/media?parent=1796"}],"curies":[{"name":"wp","href":"https:\/\/api.w.org\/{rel}","templated":true}]}}