{"id":16633,"date":"2025-07-15T17:45:05","date_gmt":"2025-07-15T15:45:05","guid":{"rendered":"https:\/\/www.dblanc.es\/aviso-legal\/"},"modified":"2025-07-15T17:45:05","modified_gmt":"2025-07-15T15:45:05","slug":"aviso-legal","status":"publish","type":"page","link":"https:\/\/www.dblanc.es\/ca\/aviso-legal\/","title":{"rendered":"Aviso Legal"},"content":{"rendered":"<div class=\"fusion-fullwidth fullwidth-box fusion-builder-row-1 hundred-percent-fullwidth non-hundred-percent-height-scrolling fusion-equal-height-columns\" style=\"--awb-background-position:left top;--awb-border-sizes-top:0px;--awb-border-sizes-bottom:0px;--awb-border-sizes-left:0px;--awb-border-sizes-right:0px;--awb-border-radius-top-left:0px;--awb-border-radius-top-right:0px;--awb-border-radius-bottom-right:0px;--awb-border-radius-bottom-left:0px;--awb-padding-top:0px;--awb-padding-right:0px;--awb-padding-bottom:0px;--awb-padding-left:0px;--awb-flex-wrap:wrap;\" ><div class=\"fusion-builder-row fusion-row\"><div class=\"fusion-layout-column fusion_builder_column fusion-builder-column-0 fusion_builder_column_1_1 1_1 fusion-one-full fusion-column-first fusion-column-last fusion-column-no-min-height\" style=\"--awb-bg-size:cover;\"><div class=\"fusion-column-wrapper fusion-flex-column-wrapper-legacy\"><div class=\"fusion-text fusion-text-1\"><h1>Aviso Legal<\/h1>\n<h2>Informaci\u00f3n general<\/h2>\n<p>En cumplimiento con el deber de informaci\u00f3n recogido en el art\u00edculo 10 de la Ley 34\/2002, de 11 de julio, de Servicios de la Sociedad de la Informaci\u00f3n y del Comercio Electr\u00f3nico, se facilitan a continuaci\u00f3n los datos identificativos del titular del sitio web:<\/p>\n<ul>\n<li><strong>Titular:<\/strong> DBLANCRADIANT 2015, S.L.<\/li>\n<li><strong>CIF:<\/strong> B66626557<\/li>\n<li><strong>Domicilio social:<\/strong> Joan Coromines, 43, 08395 Sant Pol de Mar (Barcelona), Espa\u00f1a<\/li>\n<li><strong>Correo electr\u00f3nico:<\/strong> <a href=\"mailto:olga@dblanc.es\">olga@dblanc.es<\/a><\/li>\n<li><strong>Tel\u00e9fono de contacto:<\/strong> +34 605 69 34 15<\/li>\n<li><strong>Sitio web:<\/strong> <a href=\"https:\/\/www.dblanc.es\/ca\/\">www.dblanc.es<\/a><\/li>\n<\/ul>\n<h2>Usuarios<\/h2>\n<p>El acceso y\/o uso de este portal atribuye la condici\u00f3n de Usuario, que acepta, desde dicho acceso y\/o uso, las condiciones generales de uso aqu\u00ed reflejadas. Estas condiciones ser\u00e1n aplicables independientemente de las condiciones generales de contrataci\u00f3n que, en su caso, resulten de obligado cumplimiento.<\/p>\n<h2>Uso del sitio web<\/h2>\n<p>dblanc.es proporciona el acceso a multitud de informaciones, servicios, programas o datos (en adelante, &#8220;los contenidos&#8221;) en Internet pertenecientes a DBLANCRADIANT 2015, S.L. o a sus licenciantes a los que el Usuario pueda tener acceso.<\/p>\n<p>El Usuario asume la responsabilidad del uso del portal. Dicha responsabilidad se extiende al registro que fuera necesario para acceder a determinados servicios o contenidos. En dicho registro, el Usuario ser\u00e1 responsable de aportar informaci\u00f3n veraz y l\u00edcita.<\/p>\n<p>El Usuario se compromete a hacer un uso adecuado de los contenidos y servicios que DBLANCRADIANT 2015, S.L. ofrece a trav\u00e9s de su portal y, con car\u00e1cter enunciativo pero no limitativo, a no emplearlos para:<\/p>\n<ul>\n<li>Incurrir en actividades il\u00edcitas, ilegales o contrarias a la buena fe y al orden p\u00fablico.<\/li>\n<li>Difundir contenidos o propaganda de car\u00e1cter racista, xen\u00f3fobo, pornogr\u00e1fico-ilegal, de apolog\u00eda del terrorismo o atentatorio contra los derechos humanos.<\/li>\n<li>Provocar da\u00f1os en los sistemas f\u00edsicos y l\u00f3gicos de DBLANCRADIANT 2015, S.L., de sus proveedores o de terceras personas, introducir o difundir en la red virus inform\u00e1ticos o cualesquiera otros sistemas f\u00edsicos o l\u00f3gicos que sean susceptibles de provocar los da\u00f1os anteriormente mencionados.<\/li>\n<li>Intentar acceder y, en su caso, utilizar las cuentas de correo electr\u00f3nico de otros usuarios y modificar o manipular sus mensajes.<\/li>\n<\/ul>\n<p>DBLANCRADIANT 2015, S.L. se reserva el derecho de retirar todos aquellos comentarios y aportaciones que vulneren el respeto a la dignidad de la persona, que sean discriminatorios, xen\u00f3fobos, racistas, pornogr\u00e1ficos, que atenten contra la juventud o la infancia, el orden o la seguridad p\u00fablica o que, a su juicio, no resultaran adecuados para su publicaci\u00f3n.<\/p>\n<h2>Propiedad intelectual e industrial<\/h2>\n<p>DBLANCRADIANT 2015, S.L. por s\u00ed o como cesionaria, es titular de todos los derechos de propiedad intelectual e industrial de su p\u00e1gina web, as\u00ed como de los elementos contenidos en la misma (a t\u00edtulo enunciativo: im\u00e1genes, sonido, audio, v\u00eddeo, software o textos, marcas o logotipos, combinaciones de colores, estructura y dise\u00f1o, etc.).<\/p>\n<p>Todos los derechos reservados. En virtud de lo dispuesto en los art\u00edculos 8 y 32.1, p\u00e1rrafo segundo, de la Ley de Propiedad Intelectual, quedan expresamente prohibidas la reproducci\u00f3n, distribuci\u00f3n y comunicaci\u00f3n p\u00fablica, incluida su modalidad de puesta a disposici\u00f3n, de la totalidad o parte de los contenidos de esta p\u00e1gina web, con fines comerciales, en cualquier soporte y por cualquier medio t\u00e9cnico, sin la autorizaci\u00f3n de DBLANCRADIANT 2015, S.L.<\/p>\n<p>El Usuario se compromete a respetar los derechos de Propiedad Intelectual e Industrial titularidad de DBLANCRADIANT 2015, S.L.<\/p>\n<h2>Exclusi\u00f3n de garant\u00edas y responsabilidad<\/h2>\n<p>DBLANCRADIANT 2015, S.L. no se hace responsable, en ning\u00fan caso, de los da\u00f1os y perjuicios de cualquier naturaleza que pudieran ocasionar, a t\u00edtulo enunciativo: errores u omisiones en los contenidos, falta de disponibilidad del portal o la transmisi\u00f3n de virus o programas maliciosos o lesivos en los contenidos, a pesar de haber adoptado todas las medidas tecnol\u00f3gicas necesarias para evitarlo.<\/p>\n<h2>Modificaciones<\/h2>\n<p>DBLANCRADIANT 2015, S.L. se reserva el derecho de efectuar sin previo aviso las modificaciones que considere oportunas en su portal, pudiendo cambiar, suprimir o a\u00f1adir tanto los contenidos y servicios que se presten a trav\u00e9s de la misma como la forma en la que estos aparezcan presentados o localizados en su portal.<\/p>\n<h2>Enlaces<\/h2>\n<p>En el caso de que en www.dblanc.es se dispusiesen enlaces o hiperv\u00ednculos hacia otros sitios de Internet, DBLANCRADIANT 2015, S.L. no ejercer\u00e1 ning\u00fan tipo de control sobre dichos sitios y contenidos. En ning\u00fan caso DBLANCRADIANT 2015, S.L. asumir\u00e1 responsabilidad alguna por los contenidos de alg\u00fan enlace perteneciente a un sitio web ajeno.<\/p>\n<h2>Derecho de exclusi\u00f3n<\/h2>\n<p>DBLANCRADIANT 2015, S.L. se reserva el derecho a denegar o retirar el acceso al portal y\/o los servicios ofrecidos sin necesidad de preaviso, a instancia propia o de un tercero, a aquellos usuarios que incumplan las presentes Condiciones Generales de Uso.<\/p>\n<h2>Generalidades<\/h2>\n<p>DBLANCRADIANT 2015, S.L. perseguir\u00e1 el incumplimiento de las presentes condiciones as\u00ed como cualquier utilizaci\u00f3n indebida de su portal ejerciendo todas las acciones civiles y penales que le puedan corresponder en derecho.<\/p>\n<h2>Legislaci\u00f3n aplicable y jurisdicci\u00f3n<\/h2>\n<p>La relaci\u00f3n entre DBLANCRADIANT 2015, S.L. y el Usuario se regir\u00e1 por la normativa espa\u00f1ola vigente. Para cualquier controversia se someter\u00e1n a los Juzgados y tribunales de la ciudad de Barcelona.<\/p>\n<\/div><div class=\"fusion-clearfix\"><\/div><\/div><\/div><\/div><\/div>\n","protected":false},"excerpt":{"rendered":"","protected":false},"author":1,"featured_media":0,"parent":0,"menu_order":0,"comment_status":"closed","ping_status":"closed","template":"","meta":{"footnotes":""},"class_list":["post-16633","page","type-page","status-publish","hentry"],"yoast_head":"<!-- This site is optimized with the Yoast SEO plugin v27.2 - https:\/\/yoast.com\/product\/yoast-seo-wordpress\/ -->\n<title>Aviso Legal &#8226; DBlanc - Bodas en la playa Barcelona<\/title>\n<meta name=\"robots\" content=\"index, follow, max-snippet:-1, max-image-preview:large, max-video-preview:-1\" \/>\n<link rel=\"canonical\" href=\"https:\/\/www.dblanc.es\/ca\/aviso-legal\/\" \/>\n<meta property=\"og:locale\" content=\"ca_ES\" \/>\n<meta property=\"og:type\" content=\"article\" \/>\n<meta property=\"og:title\" content=\"Aviso Legal &#8226; DBlanc - Bodas en la playa Barcelona\" \/>\n<meta property=\"og:url\" content=\"https:\/\/www.dblanc.es\/ca\/aviso-legal\/\" \/>\n<meta property=\"og:site_name\" content=\"DBlanc - Bodas en la playa Barcelona\" \/>\n<meta property=\"article:publisher\" content=\"https:\/\/www.facebook.com\/DBlanc-969291596443347\/?ref=ts&amp;fref=ts\" \/>\n<meta property=\"og:image\" content=\"https:\/\/www.dblanc.es\/wp-content\/uploads\/2016\/01\/Tastet2018Web-216.jpg\" \/>\n\t<meta property=\"og:image:width\" content=\"1440\" \/>\n\t<meta property=\"og:image:height\" content=\"960\" \/>\n\t<meta property=\"og:image:type\" content=\"image\/jpeg\" \/>\n<meta name=\"twitter:card\" content=\"summary_large_image\" \/>\n<meta name=\"twitter:site\" content=\"@dblanc_weddings\" \/>\n<meta name=\"twitter:label1\" content=\"Temps estimat de lectura\" \/>\n\t<meta name=\"twitter:data1\" content=\"6 minuts\" \/>\n<script type=\"application\/ld+json\" class=\"yoast-schema-graph\">{\"@context\":\"https:\/\/schema.org\",\"@graph\":[{\"@type\":\"WebPage\",\"@id\":\"https:\/\/www.dblanc.es\/ca\/aviso-legal\/\",\"url\":\"https:\/\/www.dblanc.es\/ca\/aviso-legal\/\",\"name\":\"Aviso Legal &#8226; DBlanc - Bodas en la playa Barcelona\",\"isPartOf\":{\"@id\":\"https:\/\/www.dblanc.es\/ca\/#website\"},\"datePublished\":\"2025-07-15T15:45:05+00:00\",\"breadcrumb\":{\"@id\":\"https:\/\/www.dblanc.es\/ca\/aviso-legal\/#breadcrumb\"},\"inLanguage\":\"ca\",\"potentialAction\":[{\"@type\":\"ReadAction\",\"target\":[\"https:\/\/www.dblanc.es\/ca\/aviso-legal\/\"]}]},{\"@type\":\"BreadcrumbList\",\"@id\":\"https:\/\/www.dblanc.es\/ca\/aviso-legal\/#breadcrumb\",\"itemListElement\":[{\"@type\":\"ListItem\",\"position\":1,\"name\":\"Portada\",\"item\":\"https:\/\/www.dblanc.es\/ca\/home\/\"},{\"@type\":\"ListItem\",\"position\":2,\"name\":\"Aviso Legal\"}]},{\"@type\":\"WebSite\",\"@id\":\"https:\/\/www.dblanc.es\/ca\/#website\",\"url\":\"https:\/\/www.dblanc.es\/ca\/\",\"name\":\"DBlanc - Bodas en la playa Barcelona\",\"description\":\"Bodas en la playa. Slow Weddings frente al mar.\",\"potentialAction\":[{\"@type\":\"SearchAction\",\"target\":{\"@type\":\"EntryPoint\",\"urlTemplate\":\"https:\/\/www.dblanc.es\/ca\/?s={search_term_string}\"},\"query-input\":{\"@type\":\"PropertyValueSpecification\",\"valueRequired\":true,\"valueName\":\"search_term_string\"}}],\"inLanguage\":\"ca\"}]}<\/script>\n<!-- \/ Yoast SEO plugin. -->","yoast_head_json":{"title":"Aviso Legal &#8226; DBlanc - Bodas en la playa Barcelona","robots":{"index":"index","follow":"follow","max-snippet":"max-snippet:-1","max-image-preview":"max-image-preview:large","max-video-preview":"max-video-preview:-1"},"canonical":"https:\/\/www.dblanc.es\/ca\/aviso-legal\/","og_locale":"ca_ES","og_type":"article","og_title":"Aviso Legal &#8226; DBlanc - Bodas en la playa Barcelona","og_url":"https:\/\/www.dblanc.es\/ca\/aviso-legal\/","og_site_name":"DBlanc - Bodas en la playa Barcelona","article_publisher":"https:\/\/www.facebook.com\/DBlanc-969291596443347\/?ref=ts&fref=ts","og_image":[{"width":1440,"height":960,"url":"https:\/\/www.dblanc.es\/wp-content\/uploads\/2016\/01\/Tastet2018Web-216.jpg","type":"image\/jpeg"}],"twitter_card":"summary_large_image","twitter_site":"@dblanc_weddings","twitter_misc":{"Temps estimat de lectura":"6 minuts"},"schema":{"@context":"https:\/\/schema.org","@graph":[{"@type":"WebPage","@id":"https:\/\/www.dblanc.es\/ca\/aviso-legal\/","url":"https:\/\/www.dblanc.es\/ca\/aviso-legal\/","name":"Aviso Legal &#8226; DBlanc - Bodas en la playa Barcelona","isPartOf":{"@id":"https:\/\/www.dblanc.es\/ca\/#website"},"datePublished":"2025-07-15T15:45:05+00:00","breadcrumb":{"@id":"https:\/\/www.dblanc.es\/ca\/aviso-legal\/#breadcrumb"},"inLanguage":"ca","potentialAction":[{"@type":"ReadAction","target":["https:\/\/www.dblanc.es\/ca\/aviso-legal\/"]}]},{"@type":"BreadcrumbList","@id":"https:\/\/www.dblanc.es\/ca\/aviso-legal\/#breadcrumb","itemListElement":[{"@type":"ListItem","position":1,"name":"Portada","item":"https:\/\/www.dblanc.es\/ca\/home\/"},{"@type":"ListItem","position":2,"name":"Aviso Legal"}]},{"@type":"WebSite","@id":"https:\/\/www.dblanc.es\/ca\/#website","url":"https:\/\/www.dblanc.es\/ca\/","name":"DBlanc - Bodas en la playa Barcelona","description":"Bodas en la playa. Slow Weddings frente al mar.","potentialAction":[{"@type":"SearchAction","target":{"@type":"EntryPoint","urlTemplate":"https:\/\/www.dblanc.es\/ca\/?s={search_term_string}"},"query-input":{"@type":"PropertyValueSpecification","valueRequired":true,"valueName":"search_term_string"}}],"inLanguage":"ca"}]}},"_links":{"self":[{"href":"https:\/\/www.dblanc.es\/ca\/wp-json\/wp\/v2\/pages\/16633","targetHints":{"allow":["GET"]}}],"collection":[{"href":"https:\/\/www.dblanc.es\/ca\/wp-json\/wp\/v2\/pages"}],"about":[{"href":"https:\/\/www.dblanc.es\/ca\/wp-json\/wp\/v2\/types\/page"}],"author":[{"embeddable":true,"href":"https:\/\/www.dblanc.es\/ca\/wp-json\/wp\/v2\/users\/1"}],"replies":[{"embeddable":true,"href":"https:\/\/www.dblanc.es\/ca\/wp-json\/wp\/v2\/comments?post=16633"}],"version-history":[{"count":0,"href":"https:\/\/www.dblanc.es\/ca\/wp-json\/wp\/v2\/pages\/16633\/revisions"}],"wp:attachment":[{"href":"https:\/\/www.dblanc.es\/ca\/wp-json\/wp\/v2\/media?parent=16633"}],"curies":[{"name":"wp","href":"https:\/\/api.w.org\/{rel}","templated":true}]}}